{"id":34,"date":"2020-10-18T21:44:11","date_gmt":"2020-10-18T19:44:11","guid":{"rendered":"http:\/\/albertmartinmusic.com\/?page_id=34"},"modified":"2021-05-22T00:37:09","modified_gmt":"2021-05-21T22:37:09","slug":"classes-dinstrument","status":"publish","type":"page","link":"https:\/\/albertmartinmusic.com\/es\/escola\/classes-presencials\/classes-dinstrument\/","title":{"rendered":"Classes individuals d\u2019instrument"},"content":{"rendered":"<div data-elementor-type=\"wp-page\" data-elementor-id=\"34\" class=\"elementor elementor-34\">\n\t\t\t\t\t\t\t\t\t<section class=\"elementor-section elementor-top-section elementor-element elementor-element-23965ff elementor-section-boxed elementor-section-height-default elementor-section-height-default\" data-id=\"23965ff\" data-element_type=\"section\">\n\t\t\t\t\t\t<div class=\"elementor-container elementor-column-gap-default\">\n\t\t\t\t\t<div class=\"elementor-column elementor-col-100 elementor-top-column elementor-element elementor-element-99ec886\" data-id=\"99ec886\" data-element_type=\"column\">\n\t\t\t<div class=\"elementor-widget-wrap elementor-element-populated\">\n\t\t\t\t\t\t\t\t<div class=\"elementor-element elementor-element-e9226f3 elementor-widget elementor-widget-image\" data-id=\"e9226f3\" data-element_type=\"widget\" data-widget_type=\"image.default\">\n\t\t\t\t<div class=\"elementor-widget-container\">\n\t\t\t\t\t\t\t\t\t\t\t\t\t\t\t<img loading=\"lazy\" decoding=\"async\" width=\"278\" height=\"300\" src=\"https:\/\/albertmartinmusic.com\/wp-content\/uploads\/2020\/12\/Piano-278x300.jpg\" class=\"attachment-medium size-medium wp-image-315\" alt=\"\" srcset=\"https:\/\/albertmartinmusic.com\/wp-content\/uploads\/2020\/12\/Piano-278x300.jpg 278w, https:\/\/albertmartinmusic.com\/wp-content\/uploads\/2020\/12\/Piano-949x1024.jpg 949w, https:\/\/albertmartinmusic.com\/wp-content\/uploads\/2020\/12\/Piano-768x829.jpg 768w, https:\/\/albertmartinmusic.com\/wp-content\/uploads\/2020\/12\/Piano-1423x1536.jpg 1423w, https:\/\/albertmartinmusic.com\/wp-content\/uploads\/2020\/12\/Piano-1568x1692.jpg 1568w, https:\/\/albertmartinmusic.com\/wp-content\/uploads\/2020\/12\/Piano-750x810.jpg 750w, https:\/\/albertmartinmusic.com\/wp-content\/uploads\/2020\/12\/Piano.jpg 1575w\" sizes=\"auto, (max-width: 278px) 100vw, 278px\" \/>\t\t\t\t\t\t\t\t\t\t\t\t\t\t\t<\/div>\n\t\t\t\t<\/div>\n\t\t\t\t\t<\/div>\n\t\t<\/div>\n\t\t\t\t\t\t\t<\/div>\n\t\t<\/section>\n\t\t\t\t<section class=\"elementor-section elementor-top-section elementor-element elementor-element-395419ee elementor-section-boxed elementor-section-height-default elementor-section-height-default\" data-id=\"395419ee\" data-element_type=\"section\">\n\t\t\t\t\t\t<div class=\"elementor-container elementor-column-gap-default\">\n\t\t\t\t\t<div class=\"elementor-column elementor-col-100 elementor-top-column elementor-element elementor-element-2090e708\" data-id=\"2090e708\" data-element_type=\"column\">\n\t\t\t<div class=\"elementor-widget-wrap elementor-element-populated\">\n\t\t\t\t\t\t\t\t<div class=\"elementor-element elementor-element-1b1f2707 elementor-widget elementor-widget-text-editor\" data-id=\"1b1f2707\" data-element_type=\"widget\" data-widget_type=\"text-editor.default\">\n\t\t\t\t<div class=\"elementor-widget-container\">\n\t\t\t\t\t\t\t<p><!-- wp:image {\"id\":83,\"width\":640,\"height\":456,\"sizeSlug\":\"large\",\"className\":\"is-style-default\"} --><\/p>\n<figure class=\"wp-block-image size-large is-resized is-style-default\"><br><\/figure>\n<p><!-- \/wp:image --><\/p>\n<p><!-- wp:heading {\"level\":3} --><\/p>EL TEU VIATGE MUSICAL\n<p><!-- \/wp:heading --><\/p>\n<p><!-- wp:paragraph --><\/p>\n<p>Les classes d\u2019instrument s\u00f3n individuals i personalitzades. Podr\u00e0s optar per estudiar piano, teclats, guitarra ac\u00fastica, el\u00e8ctrica, baix o una mica de cadascun. Tamb\u00e9 pots interessar-se pel cant, la bateria, la teoria musical, l\u2019harmonia, la improvitzaci\u00f3, els arranjaments, la composici\u00f3, els g\u00e8neres musicals, l\u2019enregistrament d\u2019\u00e0udio i la producci\u00f3 musical. Tots els camins s\u00f3n bons per a cr\u00e9ixer com a artista.<\/p>\n<p><!-- \/wp:paragraph --><\/p>\n<p><!-- wp:paragraph --><\/p>\n<p>No tenemos un programa estructurado de una forma r\u00edgida ni unos conocimientos que haya que alcanzar obligatoriamente durante el curso. Tampoco hay niveles ni ex\u00e1menes.<\/p>\n<p><!-- \/wp:paragraph --><\/p>\n<p><!-- wp:paragraph --><\/p>\n<p>Al final de cada trimestre, l\u2019escola organitza una audici\u00f3 oberta al p\u00fablic en qu\u00e8 podr\u00e0s gaudir de l\u2019experi\u00e8ncia de tocar en directe. La participaci\u00f3 \u00e9s volunt\u00e0ria.<\/p>\n<p><!-- \/wp:paragraph --><\/p>\n<p><!-- wp:spacer --><\/p>\n<div style=\"height:100px\" aria-hidden=\"true\" class=\"wp-block-spacer\"><\/div>\n<p><!-- \/wp:spacer --><\/p>\n<p><!-- wp:table {\"hasFixedLayout\":true,\"className\":\"is-style-stripes\"} --><\/p>\n<figure class=\"wp-block-table is-style-stripes\">\n<table class=\"has-fixed-layout\">\n<thead>\n<tr>\n<th class=\"has-text-align-center\" data-align=\"center\"><span class=\"has-inline-color has-secondary-color\">P\u00fablic<\/span><\/th>\n<th class=\"has-text-align-center\" data-align=\"center\"><span class=\"has-inline-color has-secondary-color\">Horari<\/span><\/th>\n<\/tr>\n<\/thead>\n<tbody>\n<tr>\n<td class=\"has-text-align-center\" data-align=\"center\">Persones de totes les edats<\/td>\n<td class=\"has-text-align-center\" data-align=\"center\">A convenir<\/td>\n<\/tr>\n<tr>\n<td class=\"has-text-align-center\" data-align=\"center\"><br><\/td>\n<td class=\"has-text-align-center\" data-align=\"center\"><br><\/td>\n<\/tr>\n<\/tbody>\n<\/table>\n<\/figure>\n<p><!-- \/wp:table --><\/p>\n<p><!-- wp:table {\"className\":\"is-style-stripes\"} --><\/p>\n<figure class=\"wp-block-table is-style-stripes\">\n<table>\n<thead>\n<tr>\n<th class=\"has-text-align-center\" data-align=\"center\"><span class=\"has-inline-color has-secondary-color\">Preus<\/span><\/th>\n<th><br><\/th>\n<\/tr>\n<\/thead>\n<tbody>\n<tr>\n<td class=\"has-text-align-center\" data-align=\"center\">90 minuts \/ setmana: 138\u20ac \/ mes*<\/td>\n<td>90 minuts \/ quinzena: 78\u20ac \/ mes<\/td>\n<\/tr>\n<tr>\n<td class=\"has-text-align-center\" data-align=\"center\">60 minuts \/ setmana: 90\u20ac \/ mes<\/td>\n<td>60 minuts \/ quinzena: 54\u20ac \/ mes<\/td>\n<\/tr>\n<tr>\n<td class=\"has-text-align-center\" data-align=\"center\">45 minuts \/ setmana: 71\u20ac \/ mes<\/td>\n<td>45 minuts \/ quinzena: 45\u20ac \/ mes<\/td>\n<\/tr>\n<tr>\n<td class=\"has-text-align-center\" data-align=\"center\">30 minuts \/ setmana: 54\u20ac \/ mes**<\/td>\n<td><br><\/td>\n<\/tr>\n<tr>\n<td class=\"has-text-align-center\" data-align=\"center\">Classe espor\u00e0dica: 35\u20ac \/ hora<\/td>\n<td><br><\/td>\n<\/tr>\n<tr>\n<td class=\"has-text-align-center\" data-align=\"center\"><br><\/td>\n<td><br><\/td>\n<\/tr>\n<\/tbody>\n<\/table>\n<figcaption><strong>* o 45 minuts dos cops per setmana<br>** nom\u00e9s per a infants fins als sis anys<\/strong><\/figcaption>\n<\/figure>\n<p><!-- \/wp:table --><\/p>\t\t\t\t\t\t<\/div>\n\t\t\t\t<\/div>\n\t\t\t\t\t<\/div>\n\t\t<\/div>\n\t\t\t\t\t\t\t<\/div>\n\t\t<\/section>\n\t\t\t\t\t\t\t<\/div>","protected":false},"excerpt":{"rendered":"<p>EL TEU VIATGE MUSICAL Les classes d\u2019instrument s\u00f3n individuals i personalitzades. Podr\u00e0s optar per estudiar piano, teclats, guitarra ac\u00fastica, el\u00e8ctrica, baix o una mica de cadascun. Tamb\u00e9 pots interessar-se pel cant, la bateria, la teoria musical, l\u2019harmonia, la improvitzaci\u00f3, els arranjaments, la composici\u00f3, els g\u00e8neres musicals, l\u2019enregistrament d\u2019\u00e0udio i la producci\u00f3 musical. Tots els camins<a class=\"more-link\" href=\"https:\/\/albertmartinmusic.com\/es\/escola\/classes-presencials\/classes-dinstrument\/\">Sigue leyendo <span class=\"screen-reader-text\">&#8220;Classes individuals d\u2019instrument&#8221;<\/span><\/a><\/p>","protected":false},"author":1,"featured_media":0,"parent":163,"menu_order":0,"comment_status":"closed","ping_status":"closed","template":"","meta":{"footnotes":""},"class_list":["post-34","page","type-page","status-publish","hentry","entry"],"_links":{"self":[{"href":"https:\/\/albertmartinmusic.com\/es\/wp-json\/wp\/v2\/pages\/34","targetHints":{"allow":["GET"]}}],"collection":[{"href":"https:\/\/albertmartinmusic.com\/es\/wp-json\/wp\/v2\/pages"}],"about":[{"href":"https:\/\/albertmartinmusic.com\/es\/wp-json\/wp\/v2\/types\/page"}],"author":[{"embeddable":true,"href":"https:\/\/albertmartinmusic.com\/es\/wp-json\/wp\/v2\/users\/1"}],"replies":[{"embeddable":true,"href":"https:\/\/albertmartinmusic.com\/es\/wp-json\/wp\/v2\/comments?post=34"}],"version-history":[{"count":16,"href":"https:\/\/albertmartinmusic.com\/es\/wp-json\/wp\/v2\/pages\/34\/revisions"}],"predecessor-version":[{"id":1578,"href":"https:\/\/albertmartinmusic.com\/es\/wp-json\/wp\/v2\/pages\/34\/revisions\/1578"}],"up":[{"embeddable":true,"href":"https:\/\/albertmartinmusic.com\/es\/wp-json\/wp\/v2\/pages\/163"}],"wp:attachment":[{"href":"https:\/\/albertmartinmusic.com\/es\/wp-json\/wp\/v2\/media?parent=34"}],"curies":[{"name":"wp","href":"https:\/\/api.w.org\/{rel}","templated":true}]}}