{"id":40,"date":"2020-10-18T21:48:27","date_gmt":"2020-10-18T19:48:27","guid":{"rendered":"http:\/\/albertmartinmusic.com\/?page_id=40"},"modified":"2020-10-28T12:38:44","modified_gmt":"2020-10-28T11:38:44","slug":"historia-de-la-musica-contemporania","status":"publish","type":"page","link":"https:\/\/albertmartinmusic.com\/es\/escola\/classes-presencials\/historia-de-la-musica-contemporania\/","title":{"rendered":"Hist\u00f2ria de la m\u00fasica contempor\u00e0nia"},"content":{"rendered":"<div class=\"wp-block-image\"><figure class=\"aligncenter size-large is-resized\"><img loading=\"lazy\" decoding=\"async\" src=\"https:\/\/albertmartinmusic.com\/wp-content\/uploads\/2020\/10\/Histtoria_p-1024x791.jpg\" alt=\"\" class=\"wp-image-90\" width=\"512\" height=\"396\" srcset=\"https:\/\/albertmartinmusic.com\/wp-content\/uploads\/2020\/10\/Histtoria_p-1024x791.jpg 1024w, https:\/\/albertmartinmusic.com\/wp-content\/uploads\/2020\/10\/Histtoria_p-scaled-750x579.jpg 750w, https:\/\/albertmartinmusic.com\/wp-content\/uploads\/2020\/10\/Histtoria_p-300x232.jpg 300w, https:\/\/albertmartinmusic.com\/wp-content\/uploads\/2020\/10\/Histtoria_p-768x593.jpg 768w, https:\/\/albertmartinmusic.com\/wp-content\/uploads\/2020\/10\/Histtoria_p-1536x1186.jpg 1536w, https:\/\/albertmartinmusic.com\/wp-content\/uploads\/2020\/10\/Histtoria_p-2048x1581.jpg 2048w, https:\/\/albertmartinmusic.com\/wp-content\/uploads\/2020\/10\/Histtoria_p-1568x1211.jpg 1568w\" sizes=\"auto, (max-width: 512px) 100vw, 512px\" \/><\/figure><\/div>\n\n\n\n<h3 class=\"wp-block-heading\">ESPLENDOR MUSICAL RECENT<\/h3>\n\n\n\n<p>El curs d\u2019Hist\u00f2ria de la m\u00fasica contempor\u00e0nia \u00e9s un viatge cronol\u00f2gic des del segle XIX fins a l\u2019actualitat. Una mirada d\u2019ocell a les ramificacions i camins de la m\u00fasica des de Beethoven fins a Kendrick Lamar. <\/p>\n\n\n\n<p>Una hist\u00f2ria de la m\u00fasica descentralitzada que s\u2019escapa dels c\u00e0nons habituals i busca redescubrir i revaloritzar m\u00fasiques d\u2019arreu del m\u00f3n sovint oblidades o menystingudes per l\u2019acad\u00e8mia i la historiografia oficials.<\/p>\n\n\n\n<div style=\"height:30px\" aria-hidden=\"true\" class=\"wp-block-spacer\"><\/div>\n\n\n\n<h4 class=\"wp-block-heading\"><span class=\"has-inline-color has-secondary-color\">Activitats que realitzarem<\/span><\/h4>\n\n\n\n<p>Audici\u00f3, an\u00e0lisi i comentari d\u2019obres musicals.<br>Visionat de material audiovisual.<\/p>\n\n\n\n<div style=\"height:30px\" aria-hidden=\"true\" class=\"wp-block-spacer\"><\/div>\n\n\n\n<h4 class=\"wp-block-heading\"><span class=\"has-inline-color has-secondary-color\">Objectius<\/span><\/h4>\n\n\n\n<p>Adquirir una visi\u00f3 global del desenvolupament de la m\u00fasica arreu del<br>m\u00f3n en els \u00faltims 250 anys.<br>Descobrir nous m\u00fasics i g\u00e8neres musicals.<br>Apreciar la m\u00fasica des d\u2019una nova perspectiva.<br>Con\u00e8ixer i compartir amb altres persones interessades en la m\u00fasica.<\/p>\n\n\n\n<div style=\"height:30px\" aria-hidden=\"true\" class=\"wp-block-spacer\"><\/div>\n\n\n\n<figure class=\"wp-block-table is-style-stripes\"><table class=\"has-fixed-layout\"><thead><tr><th class=\"has-text-align-center\" data-align=\"center\"><span class=\"has-inline-color has-secondary-color\">P\u00fablic<\/span><\/th><th class=\"has-text-align-center\" data-align=\"center\"><span class=\"has-inline-color has-secondary-color\">Horari<\/span><\/th><\/tr><\/thead><tbody><tr><td class=\"has-text-align-center\" data-align=\"center\">Adults<\/td><td class=\"has-text-align-center\" data-align=\"center\">A convenir<\/td><\/tr><tr><td class=\"has-text-align-center\" data-align=\"center\"><\/td><td class=\"has-text-align-center\" data-align=\"center\"><\/td><\/tr><\/tbody><\/table><\/figure>\n\n\n\n<figure class=\"wp-block-table is-style-stripes\"><table class=\"has-fixed-layout\"><thead><tr><th class=\"has-text-align-center\" data-align=\"center\"><span class=\"has-inline-color has-secondary-color\">Durada<\/span><\/th><th class=\"has-text-align-center\" data-align=\"center\"><span class=\"has-inline-color has-secondary-color\">Preu<\/span><\/th><\/tr><\/thead><tbody><tr><td class=\"has-text-align-center\" data-align=\"center\">Un trimestre<\/td><td class=\"has-text-align-center\" data-align=\"center\">P\u00fablic general: 150\u20ac\/ trimestre<\/td><\/tr><tr><td class=\"has-text-align-center\" data-align=\"center\">(10 sessions de 60 minuts)<\/td><td class=\"has-text-align-center\" data-align=\"center\">Estudiants d\u2019instrument: 120\u20ac \/ trimestre<\/td><\/tr><\/tbody><\/table><\/figure>\n\n\n\n<p><\/p>","protected":false},"excerpt":{"rendered":"<p>ESPLENDOR MUSICAL RECENT El curs d\u2019Hist\u00f2ria de la m\u00fasica contempor\u00e0nia \u00e9s un viatge cronol\u00f2gic des del segle XIX fins a l\u2019actualitat. Una mirada d\u2019ocell a les ramificacions i camins de la m\u00fasica des de Beethoven fins a Kendrick Lamar. Una hist\u00f2ria de la m\u00fasica descentralitzada que s\u2019escapa dels c\u00e0nons habituals i busca redescubrir i revaloritzar<a class=\"more-link\" href=\"https:\/\/albertmartinmusic.com\/es\/escola\/classes-presencials\/historia-de-la-musica-contemporania\/\">Sigue leyendo <span class=\"screen-reader-text\">&#8220;Hist\u00f2ria de la m\u00fasica contempor\u00e0nia&#8221;<\/span><\/a><\/p>","protected":false},"author":1,"featured_media":0,"parent":163,"menu_order":0,"comment_status":"closed","ping_status":"closed","template":"","meta":{"footnotes":""},"class_list":["post-40","page","type-page","status-publish","hentry","entry"],"_links":{"self":[{"href":"https:\/\/albertmartinmusic.com\/es\/wp-json\/wp\/v2\/pages\/40","targetHints":{"allow":["GET"]}}],"collection":[{"href":"https:\/\/albertmartinmusic.com\/es\/wp-json\/wp\/v2\/pages"}],"about":[{"href":"https:\/\/albertmartinmusic.com\/es\/wp-json\/wp\/v2\/types\/page"}],"author":[{"embeddable":true,"href":"https:\/\/albertmartinmusic.com\/es\/wp-json\/wp\/v2\/users\/1"}],"replies":[{"embeddable":true,"href":"https:\/\/albertmartinmusic.com\/es\/wp-json\/wp\/v2\/comments?post=40"}],"version-history":[{"count":2,"href":"https:\/\/albertmartinmusic.com\/es\/wp-json\/wp\/v2\/pages\/40\/revisions"}],"predecessor-version":[{"id":92,"href":"https:\/\/albertmartinmusic.com\/es\/wp-json\/wp\/v2\/pages\/40\/revisions\/92"}],"up":[{"embeddable":true,"href":"https:\/\/albertmartinmusic.com\/es\/wp-json\/wp\/v2\/pages\/163"}],"wp:attachment":[{"href":"https:\/\/albertmartinmusic.com\/es\/wp-json\/wp\/v2\/media?parent=40"}],"curies":[{"name":"wp","href":"https:\/\/api.w.org\/{rel}","templated":true}]}}